{"id":8501,"date":"2021-03-09T13:23:57","date_gmt":"2021-03-09T13:23:57","guid":{"rendered":"https:\/\/flexperto.com\/?page_id=8501"},"modified":"2024-06-06T14:34:55","modified_gmt":"2024-06-06T14:34:55","slug":"terms","status":"publish","type":"page","link":"https:\/\/flexperto.com\/en\/terms\/","title":{"rendered":"Terms &#038; Conditions"},"content":{"rendered":"<h3>1. General:<\/h3>\n<h5>1.1<\/h5>\n<p>Flexperto GmbH (hereinafter &#8220;Flexperto&#8221;) offers service providers from a wide variety of industries (hereinafter &#8220;Service Provider&#8221;) internet-based software solutions (hereinafter &#8220;Software&#8221;) for booking and organizing interactive online consultations and face-to-face consultations.\u00a0The solutions include in particular:<\/p>\n<p>The possibility for the service provider to make appointments with his customers via the software.<br \/>\nThe provision of the technical requirements for online communication in virtual conference rooms.<br \/>\nSending text-based messages including file exchange.<br \/>\nManagement of customer information.<br \/>\nThe provision of a website that can be freely designed by the service provider (hereinafter &#8220;mini website&#8221;) on a Flexperto subdomain.<\/p>\n<h5><\/h5>\n<h5>1.2<\/h5>\n<p>Flexperto provides the services for the service provider exclusively on the basis of these general terms and conditions (hereinafter \u201cGTC\u201d).\u00a0These regulate the legal relationship between the service provider and Flexperto.<\/p>\n<h5><\/h5>\n<h5>1.4<\/h5>\n<p>Flexperto grants the service provider a simple, non-exclusive right of use that is limited in time for the duration of the agreed term of the usage contract in connection with the tariff model selected by the service provider.\u00a0The right of use is limited to the use described below.<\/p>\n<p>A transfer of rights to the software or the source code itself is not part of the contract.<\/p>\n<h5><\/h5>\n<h5>1.5<\/h5>\n<p>As part of the software, storage space is made available on central servers on which the data generated and processed with the software can be stored for the duration of the contractual relationship.\u00a0The archiving of the data in accordance with the retention periods under commercial and tax law is not included in the scope of services.<\/p>\n<h5><\/h5>\n<h5>1.6<\/h5>\n<p>The use of the software requires the service provider to register an account.\u00a0The registration of an account is only permitted for legal entities, partnerships and natural persons with unlimited legal capacity.\u00a0All others are prohibited from using the software.\u00a0The registration of a legal person or a partnership may only be carried out by a natural person authorized to represent.<\/p>\n<p>&nbsp;<\/p>\n<h3>2. Registration:<\/h3>\n<h5>2.1<\/h5>\n<p>The registration and creation of an account as a service provider for the use of the Flexperto software is initially carried out using a registration form.\u00a0The service provider must fill in the information fields of the registration form (or, if registering online, the registration mask) completely and truthfully and agree to these terms and conditions.<\/p>\n<p>When you click on the \u201cRegister for free\u201d button, a contract is concluded between the service provider and Flexperto for the use of the Flexperto software, based on the tariff model selected by the service provider and exclusively subject to these terms and conditions.<\/p>\n<p>Flexperto confirms the conclusion of the contract by email by sending an activation link with which the service provider can activate his account.<\/p>\n<p>&nbsp;<\/p>\n<h5>2.2<\/h5>\n<p>The service provider must keep the access data including the password secret and protect them from unauthorized access by third parties.\u00a0It is the sole responsibility of the service provider to ensure that access to the software and the use of the services made available are exclusively carried out by the service provider or by persons authorized by him.\u00a0If there is a suspicion that unauthorized third parties have or will become aware of the service provider&#8217;s access data, Flexperto must be informed immediately.<\/p>\n<p>&nbsp;<\/p>\n<h3>3. Legal or other requirements for the service provider<\/h3>\n<h5>3.1<\/h5>\n<p>Insofar as there are legal or other requirements for the performance of the service provider&#8217;s consulting activity, compliance with them is the sole responsibility of the service provider\u00a0this applies in particular to professional regulations (doctor, alternative practitioner, lawyer, tax advisor, etc.).<\/p>\n<p>The service provider is responsible for compliance with all legal provisions applicable to him in connection with the provision of his services.\u00a0Flexperto particularly points out the observance of relevant regulations of the distance selling law, the teleservice law, the tax law, the price indication regulation, the distance learning protection law, the drug advertising law and on the obligations in the electronic business traffic.<\/p>\n<p>&nbsp;<\/p>\n<h5>3.2<\/h5>\n<p>By registering as a service provider, he assures Flexperto that he meets all legal requirements for the provision of his consulting services.<\/p>\n<p>&nbsp;<\/p>\n<h3>4. General obligations of the service provider<\/h3>\n<h5>4.1<\/h5>\n<p>The service provider is responsible for all content that the service provider keeps or saves on its mini-website.\u00a0Flexperto is not obliged to check the mini-website of the service provider for possible legal violations.<\/p>\n<p>&nbsp;<\/p>\n<h5>4.2<\/h5>\n<p>On the mini website and in the online events, no information may be given, statements made, files uploaded or content conveyed that violates legal prohibitions, good morals (in particular pornographic, racist, xenophobic, radical right-wing or other reprehensible content) or Violate the rights of third parties (in particular personality, trademark, name and copyrights).\u00a0Furthermore, the service provider undertakes not to use his mini-website for spam purposes.\u00a0Should Flexperto be used as a third party or interferer due to illegal content provided by the service provider on its mini website (e.g. for omission, revocation, correction, compensation, etc.), then the service provider is obliged to\u00a0To reimburse Flexperto for all costs incurred.\u00a0The service provider is also obliged to support Flexperto in any way in warding off such claims.<\/p>\n<p>&nbsp;<\/p>\n<h5>4.3<\/h5>\n<p>The service provider undertakes to comply with the imprint obligation on his mini website (or the statutory obligation in the country of use) himself.<\/p>\n<p>&nbsp;<\/p>\n<h5>4.4<\/h5>\n<p>The service provider is responsible for regularly backing up all files and software settings that he can access.\u00a0In any case, the data must be backed up before any changes are made by the service provider and before maintenance work on the part of Flexperto, provided this has been announced in good time by Flexperto.<\/p>\n<p>&nbsp;<\/p>\n<h3>5. Revocation by the consumer, exclusion of revocation<\/h3>\n<p>If a service provider uses the platform as a consumer, i.e. for a purpose that can neither be attributed to his commercial nor his independent professional activity, he can revoke the membership contract as follows:<\/p>\n<p>Right of withdrawal<\/p>\n<p>Right of withdrawal:<\/p>\n<p>You can revoke your contract declaration within 14 days in text form (e.g. letter, fax, email) without giving reasons.\u00a0The period begins after receipt of this instruction in text form, but not before the conclusion of the contract according to section 9.1 and also not before the fulfillment of Flexperto&#8217;s information obligations in accordance with Article 246 \u00a7 2 in conjunction with \u00a7 1 paragraph 1 EGBGB and the obligations of Flexperto according to \u00a7 312g paragraph 1 sentence 1 BGB in conjunction with Article 246 \u00a7 3 EGBGB.\u00a0Timely dispatch of the cancellation is sufficient to meet the cancellation deadline.\u00a0The revocation must be sent to:<\/p>\n<p>Flexperto GmbH, c\/o Mindspace Germany GmbH, M\u00fcnzstra\u00dfe 12, 10178 Berlin Deutschland<\/p>\n<p>Email: <a href=\"mailto:info@flexperto.com\">info@flexperto.com<\/a><\/p>\n<p>Consequences of cancellation:<\/p>\n<p>In the event of an effective revocation, the mutually received services must be returned and any benefits (e.g. interest) surrendered.\u00a0If you are unable or partially unable to return or surrender the received service and benefits (e.g. advantages of use) to Flexperto or only in a deteriorated condition, you must compensate Flexperto for the value.\u00a0This can mean that you still have to meet the contractual payment obligations for the period up to the revocation.\u00a0Obligations to reimburse payments must be fulfilled within 30 days.\u00a0The period begins for you when you send your declaration of cancellation, for Flexperto with its receipt.<\/p>\n<p>Special instructions:<\/p>\n<p>Your right of withdrawal expires prematurely if the contract has been completely fulfilled by both parties at your express request before you have exercised your right of withdrawal.<\/p>\n<p>End of revocation<\/p>\n<p>&nbsp;<\/p>\n<h3>6. Provision, availability<\/h3>\n<p>&nbsp;<\/p>\n<h5>6.1<\/h5>\n<p>Aus technischen Gr\u00fcnden kann Flexperto eine dauerhafte vollst\u00e4ndige Verf\u00fcgbarkeit der Server, \u00fcber die die Plattform betrieben wird, nicht gew\u00e4hrleisten. Zeitweise kann die Verf\u00fcgbarkeit der Plattform \u2013 insbesondere wegen der notwendigen Durchf\u00fchrung von Wartungs- oder Reparaturarbeiten \u2013 eingeschr\u00e4nkt sein. Flexperto wird den Dienstleister \u00fcber die Durchf\u00fchrung geplanter Wartungsarbeiten und deren Umfang rechtzeitig durch einen Hinweis auf der Plattform informieren. Sollte das System unvorhergesehen ausfallen, wird Flexperto nach M\u00f6glichkeit die Dienstleister \u00fcber den Umfang und die Dauer des Ausfalls unterrichten. Eine Haftung f\u00fcr den Zugang und die Nutzung der Flexperto Software sowie eine Gew\u00e4hr f\u00fcr die ordnungsgem\u00e4\u00dfe Abrechnung der Beratungsleistungen wird \u2013 mit Ausnahme der Regelungen in Ziff. 10 \u2013 von Flexperto nicht \u00fcbernommen. Ferner ist der Zugang zu der Plattform auch abh\u00e4ngig von der vom Dienstleister zur Verf\u00fcgung stehenden technischen Ausstattung sowie von der Daten\u00fcbertragung im Internet.<\/p>\n<p>&nbsp;<\/p>\n<h5>6.2<\/h5>\n<p>Flexperto can temporarily restrict access to the software at any time if this is necessary with regard to capacity limits, the security of the Flexperto servers (e.g. attacks from the Internet) or to carry out technical measures.<\/p>\n<p>&nbsp;<\/p>\n<h5>6.3<\/h5>\n<p>In the case of the unavailability of the platform as a result of unforeseeable events such as force majeure, war, industrial disputes, natural disasters and other events beyond the control of Flexperto and for which Flexperto is not responsible, Flexperto is contractual for the duration of the disruption and to the extent of its effect Duties exempt.\u00a0In such a case, both Flexperto and the service provider are obliged to adapt their mutual obligations to the changed circumstances in good faith.<\/p>\n<p>&nbsp;<\/p>\n<h3>7. Fees for the use of the software;\u00a0Trial period<\/h3>\n<h5>7.1<\/h5>\n<p>Flexperto offers the service provider a test period of 30 days from registration.\u00a0During this test period, Flexperto does not charge a monthly fee according to Section 7.2.<\/p>\n<p>&nbsp;<\/p>\n<h5>7.2<\/h5>\n<p>The service provider has to pay Flexperto a monthly fee for the use of the software, which results from the current price list of the Flexperto tariff model, which is available at <a href=\"https:\/\/flexperto.com\/en\/pricing\/\">https:\/\/flexperto.com\/en\/pricing\/<\/a>.<\/p>\n<p>&nbsp;<\/p>\n<h3>8. Term, termination<\/h3>\n<h5>8.1<\/h5>\n<p>The contract between the service provider and Flexperto is concluded for an indefinite period of time and begins &#8211; even in the case of the free test period &#8211; with confirmation of the registration by Flexperto in accordance with Section 2.1.<\/p>\n<p>&nbsp;<\/p>\n<h5>8.2<\/h5>\n<p>If the service provider does not book a fee-based tariff model by the end of the test period, his user account will be switched to an inactive state.\u00a0After a further period of 30 days, the contractual relationship between Flexperto and the service provider will automatically be terminated and all data in the user account will be deleted in accordance with Section 9.8.<\/p>\n<p>&nbsp;<\/p>\n<h5>8.3<\/h5>\n<p>If a fee-based tariff model is booked by the service provider, the term agreed with the service provider is decisive and begins with the booking of the tariff model.<\/p>\n<p>&nbsp;<\/p>\n<h5>8.4<\/h5>\n<p>In the case of a monthly agreed term, the contract can be terminated with a notice period of 14 days to the next extension date.\u00a0If the contract is not terminated, it is automatically extended for another month.<\/p>\n<p>&nbsp;<\/p>\n<h5>8.5<\/h5>\n<p>In the case of an annually agreed term, the contract can be terminated with a notice period of 30 days to the next extension date. If the contract is not terminated, it is automatically extended for another year.<\/p>\n<p>&nbsp;<\/p>\n<h5>8.6<\/h5>\n<p>The right to terminate for an important reason remains unaffected.<\/p>\n<p>&nbsp;<\/p>\n<h5>8.7<\/h5>\n<p>Any termination of this contract for your use of the software can be made online via email or letter and will take effect upon receipt.<\/p>\n<p>&nbsp;<\/p>\n<h5>8.8<\/h5>\n<p>After termination of the contractual relationship, Flexperto is no longer obliged to provide the contractual services.\u00a0He will delete all of the service provider&#8217;s data on the server, including electronic correspondence, customer data and documents.\u00a0The timely storage and backup of the data is therefore the responsibility of the service provider, in particular for any obligation to archive data that may result from retention periods under commercial and tax law<\/p>\n<p>&nbsp;<\/p>\n<h3>9. Liability:<\/h3>\n<p>Flexperto&#8217;s legal and contractual liability for damages is limited in any case as follows:<\/p>\n<p>For the slightly negligent breach of essential obligations arising from the user relationship, Flexperto is liable for the amount limited to the damage typically foreseeable when the contract was concluded.<br \/>\nFlexperto is not liable for the slightly negligent breach of non-essential obligations arising from the contractual relationship.<br \/>\nThe aforementioned limitation of liability does not apply in cases of mandatory legal liability, for willful breaches of duty, if and to the extent that Flexperto has assumed a guarantee and for culpably caused physical damage (injury to life, body, health).<\/p>\n<p>&nbsp;<\/p>\n<h3>10. Data protection<\/h3>\n<p>The processing of the personal data provided by experts takes place in compliance with data protection regulations.\u00a0You can find more information on this in Flexperto&#8217;s data protection provisions: (https:\/\/flexperto.com\/de\/legal\/datenschutz).<\/p>\n<p>&nbsp;<\/p>\n<h3>11. Blocking of access<\/h3>\n<h5>11.1<\/h5>\n<p>Flexperto reserves the right to exclude the service provider from the use of the software temporarily or permanently without giving reasons, in total or in individual areas and at its own discretion, and to delete the account and all data of this service provider if Flexperto has indications that the service provider is violates essential obligations from his contractual relationship with Flexperto.<\/p>\n<p>&nbsp;<\/p>\n<h5>11.2<\/h5>\n<p>In the case of temporary or permanent blocking, the access authorization will be blocked and the service provider will be notified of this by email.<\/p>\n<p>&nbsp;<\/p>\n<h3>Final provisions:<\/h3>\n<h5>12.1<\/h5>\n<p>Flexperto reserves the right to change the terms and conditions at any time and without giving reasons.\u00a0Flexperto will send the amended terms and conditions to the service provider by email before they come into force.\u00a0Flexperto will also point out the change to the terms and conditions on the online platform and post the current version of the terms and conditions on the online platform.\u00a0If the service provider does not object to the validity of the amended terms and conditions within four weeks of receiving notification from Flexperto of the amendment to the terms and conditions, the amended terms and conditions are deemed to have been accepted by the service provider.\u00a0Flexperto will inform the experts in writing by email of the changed provisions and the deadline.<\/p>\n<p>&nbsp;<\/p>\n<h5>12.2<\/h5>\n<p>The terms and conditions and the legal relationship between the service provider and Flexperto are subject to the law of the Federal Republic of Germany, excluding international conflict of laws.\u00a0If the expert is a businessman, the place of jurisdiction for and against the expert for all disputes arising from the legal relationship between the service provider and Flexperto Berlin;\u00a0Flexperto has the right to sue the service provider at his place of residence or company headquarters.\u00a0In addition, the general statutory provisions apply<\/p>\n","protected":false},"excerpt":{"rendered":"<p>1. General: 1.1 Flexperto GmbH (hereinafter &#8220;Flexperto&#8221;) offers service providers from a wide variety of industries (hereinafter &#8220;Service Provider&#8221;) internet-based software solutions (hereinafter &#8220;Software&#8221;) for booking and organizing interactive online consultations and face-to-face consultations.\u00a0The solutions include in particular: The possibility for the service provider to make appointments with his customers via the software. The provision &hellip; <a href=\"https:\/\/flexperto.com\/en\/terms\/\">Continued<\/a><\/p>\n","protected":false},"author":1,"featured_media":0,"parent":0,"menu_order":0,"comment_status":"closed","ping_status":"closed","template":"","meta":{"_acf_changed":false,"content-type":"","footnotes":""},"class_list":["post-8501","page","type-page","status-publish","hentry"],"acf":[],"yoast_head":"<!-- This site is optimized with the Yoast SEO plugin v27.3 - https:\/\/yoast.com\/product\/yoast-seo-wordpress\/ -->\n<title>Terms &amp; Conditions - Flexperto<\/title>\n<meta name=\"robots\" content=\"index, follow, max-snippet:-1, max-image-preview:large, max-video-preview:-1\" \/>\n<link rel=\"canonical\" href=\"https:\/\/flexperto.com\/en\/terms\/\" \/>\n<meta property=\"og:locale\" content=\"en_US\" \/>\n<meta property=\"og:type\" content=\"article\" \/>\n<meta property=\"og:title\" content=\"Terms &amp; Conditions - Flexperto\" \/>\n<meta property=\"og:description\" content=\"1. General: 1.1 Flexperto GmbH (hereinafter &#8220;Flexperto&#8221;) offers service providers from a wide variety of industries (hereinafter &#8220;Service Provider&#8221;) internet-based software solutions (hereinafter &#8220;Software&#8221;) for booking and organizing interactive online consultations and face-to-face consultations.\u00a0The solutions include in particular: The possibility for the service provider to make appointments with his customers via the software. The provision &hellip; Continued\" \/>\n<meta property=\"og:url\" content=\"https:\/\/flexperto.com\/en\/terms\/\" \/>\n<meta property=\"og:site_name\" content=\"Flexperto\" \/>\n<meta property=\"article:modified_time\" content=\"2024-06-06T14:34:55+00:00\" \/>\n<meta name=\"twitter:card\" content=\"summary_large_image\" \/>\n<meta name=\"twitter:label1\" content=\"Est. reading time\" \/>\n\t<meta name=\"twitter:data1\" content=\"13 minutes\" \/>\n<script type=\"application\/ld+json\" class=\"yoast-schema-graph\">{\"@context\":\"https:\\\/\\\/schema.org\",\"@graph\":[{\"@type\":\"WebPage\",\"@id\":\"https:\\\/\\\/flexperto.com\\\/en\\\/terms\\\/\",\"url\":\"https:\\\/\\\/flexperto.com\\\/en\\\/terms\\\/\",\"name\":\"Terms & Conditions - Flexperto\",\"isPartOf\":{\"@id\":\"https:\\\/\\\/flexperto.com\\\/#website\"},\"datePublished\":\"2021-03-09T13:23:57+00:00\",\"dateModified\":\"2024-06-06T14:34:55+00:00\",\"breadcrumb\":{\"@id\":\"https:\\\/\\\/flexperto.com\\\/en\\\/terms\\\/#breadcrumb\"},\"inLanguage\":\"en-US\",\"potentialAction\":[{\"@type\":\"ReadAction\",\"target\":[\"https:\\\/\\\/flexperto.com\\\/en\\\/terms\\\/\"]}]},{\"@type\":\"BreadcrumbList\",\"@id\":\"https:\\\/\\\/flexperto.com\\\/en\\\/terms\\\/#breadcrumb\",\"itemListElement\":[{\"@type\":\"ListItem\",\"position\":1,\"name\":\"Home\",\"item\":\"https:\\\/\\\/flexperto.com\\\/en\\\/\"},{\"@type\":\"ListItem\",\"position\":2,\"name\":\"Terms &#038; Conditions\"}]},{\"@type\":\"WebSite\",\"@id\":\"https:\\\/\\\/flexperto.com\\\/#website\",\"url\":\"https:\\\/\\\/flexperto.com\\\/\",\"name\":\"Flexperto\",\"description\":\"Die Communication Cloud f\u00fcr effizienteren Vertrieb\",\"publisher\":{\"@id\":\"https:\\\/\\\/flexperto.com\\\/#organization\"},\"potentialAction\":[{\"@type\":\"SearchAction\",\"target\":{\"@type\":\"EntryPoint\",\"urlTemplate\":\"https:\\\/\\\/flexperto.com\\\/?s={search_term_string}\"},\"query-input\":{\"@type\":\"PropertyValueSpecification\",\"valueRequired\":true,\"valueName\":\"search_term_string\"}}],\"inLanguage\":\"en-US\"},{\"@type\":\"Organization\",\"@id\":\"https:\\\/\\\/flexperto.com\\\/#organization\",\"name\":\"Fexperto GmbH\",\"url\":\"https:\\\/\\\/flexperto.com\\\/\",\"logo\":{\"@type\":\"ImageObject\",\"inLanguage\":\"en-US\",\"@id\":\"https:\\\/\\\/flexperto.com\\\/#\\\/schema\\\/logo\\\/image\\\/\",\"url\":\"https:\\\/\\\/flexperto.com\\\/wp-content\\\/uploads\\\/2020\\\/03\\\/flexperto-logo-blue.svg\",\"contentUrl\":\"https:\\\/\\\/flexperto.com\\\/wp-content\\\/uploads\\\/2020\\\/03\\\/flexperto-logo-blue.svg\",\"width\":154,\"height\":35,\"caption\":\"Fexperto GmbH\"},\"image\":{\"@id\":\"https:\\\/\\\/flexperto.com\\\/#\\\/schema\\\/logo\\\/image\\\/\"}}]}<\/script>\n<!-- \/ Yoast SEO plugin. -->","yoast_head_json":{"title":"Terms & Conditions - Flexperto","robots":{"index":"index","follow":"follow","max-snippet":"max-snippet:-1","max-image-preview":"max-image-preview:large","max-video-preview":"max-video-preview:-1"},"canonical":"https:\/\/flexperto.com\/en\/terms\/","og_locale":"en_US","og_type":"article","og_title":"Terms & Conditions - Flexperto","og_description":"1. General: 1.1 Flexperto GmbH (hereinafter &#8220;Flexperto&#8221;) offers service providers from a wide variety of industries (hereinafter &#8220;Service Provider&#8221;) internet-based software solutions (hereinafter &#8220;Software&#8221;) for booking and organizing interactive online consultations and face-to-face consultations.\u00a0The solutions include in particular: The possibility for the service provider to make appointments with his customers via the software. The provision &hellip; Continued","og_url":"https:\/\/flexperto.com\/en\/terms\/","og_site_name":"Flexperto","article_modified_time":"2024-06-06T14:34:55+00:00","twitter_card":"summary_large_image","twitter_misc":{"Est. reading time":"13 minutes"},"schema":{"@context":"https:\/\/schema.org","@graph":[{"@type":"WebPage","@id":"https:\/\/flexperto.com\/en\/terms\/","url":"https:\/\/flexperto.com\/en\/terms\/","name":"Terms & Conditions - Flexperto","isPartOf":{"@id":"https:\/\/flexperto.com\/#website"},"datePublished":"2021-03-09T13:23:57+00:00","dateModified":"2024-06-06T14:34:55+00:00","breadcrumb":{"@id":"https:\/\/flexperto.com\/en\/terms\/#breadcrumb"},"inLanguage":"en-US","potentialAction":[{"@type":"ReadAction","target":["https:\/\/flexperto.com\/en\/terms\/"]}]},{"@type":"BreadcrumbList","@id":"https:\/\/flexperto.com\/en\/terms\/#breadcrumb","itemListElement":[{"@type":"ListItem","position":1,"name":"Home","item":"https:\/\/flexperto.com\/en\/"},{"@type":"ListItem","position":2,"name":"Terms &#038; Conditions"}]},{"@type":"WebSite","@id":"https:\/\/flexperto.com\/#website","url":"https:\/\/flexperto.com\/","name":"Flexperto","description":"Die Communication Cloud f\u00fcr effizienteren Vertrieb","publisher":{"@id":"https:\/\/flexperto.com\/#organization"},"potentialAction":[{"@type":"SearchAction","target":{"@type":"EntryPoint","urlTemplate":"https:\/\/flexperto.com\/?s={search_term_string}"},"query-input":{"@type":"PropertyValueSpecification","valueRequired":true,"valueName":"search_term_string"}}],"inLanguage":"en-US"},{"@type":"Organization","@id":"https:\/\/flexperto.com\/#organization","name":"Fexperto GmbH","url":"https:\/\/flexperto.com\/","logo":{"@type":"ImageObject","inLanguage":"en-US","@id":"https:\/\/flexperto.com\/#\/schema\/logo\/image\/","url":"https:\/\/flexperto.com\/wp-content\/uploads\/2020\/03\/flexperto-logo-blue.svg","contentUrl":"https:\/\/flexperto.com\/wp-content\/uploads\/2020\/03\/flexperto-logo-blue.svg","width":154,"height":35,"caption":"Fexperto GmbH"},"image":{"@id":"https:\/\/flexperto.com\/#\/schema\/logo\/image\/"}}]}},"_links":{"self":[{"href":"https:\/\/flexperto.com\/en\/wp-json\/wp\/v2\/pages\/8501","targetHints":{"allow":["GET"]}}],"collection":[{"href":"https:\/\/flexperto.com\/en\/wp-json\/wp\/v2\/pages"}],"about":[{"href":"https:\/\/flexperto.com\/en\/wp-json\/wp\/v2\/types\/page"}],"author":[{"embeddable":true,"href":"https:\/\/flexperto.com\/en\/wp-json\/wp\/v2\/users\/1"}],"replies":[{"embeddable":true,"href":"https:\/\/flexperto.com\/en\/wp-json\/wp\/v2\/comments?post=8501"}],"version-history":[{"count":6,"href":"https:\/\/flexperto.com\/en\/wp-json\/wp\/v2\/pages\/8501\/revisions"}],"predecessor-version":[{"id":16391,"href":"https:\/\/flexperto.com\/en\/wp-json\/wp\/v2\/pages\/8501\/revisions\/16391"}],"wp:attachment":[{"href":"https:\/\/flexperto.com\/en\/wp-json\/wp\/v2\/media?parent=8501"}],"curies":[{"name":"wp","href":"https:\/\/api.w.org\/{rel}","templated":true}]}}